{"id":2,"date":"2016-05-10T03:48:21","date_gmt":"2016-05-10T03:48:21","guid":{"rendered":"https:\/\/test11.e-labora.it\/?page_id=2"},"modified":"2023-12-15T15:29:09","modified_gmt":"2023-12-15T14:29:09","slug":"sample-page","status":"publish","type":"page","link":"https:\/\/test11.e-labora.it\/","title":{"rendered":"Home page"},"content":{"rendered":"<p>[et_pb_section fb_built=&#8221;1&#8243; _builder_version=&#8221;4.22.1&#8243; _module_preset=&#8221;default&#8221; global_colors_info=&#8221;{}&#8221; custom_padding=&#8221;5px||4px|||&#8221;][et_pb_row _builder_version=&#8221;4.22.1&#8243; _module_preset=&#8221;default&#8221; global_colors_info=&#8221;{}&#8221;][et_pb_column type=&#8221;4_4&#8243; _builder_version=&#8221;4.22.1&#8243; _module_preset=&#8221;default&#8221; global_colors_info=&#8221;{}&#8221;][et_pb_text _builder_version=&#8221;4.22.1&#8243; _module_preset=&#8221;default&#8221; text_orientation=&#8221;center&#8221; hover_enabled=&#8221;0&#8243; global_colors_info=&#8221;{}&#8221; sticky_enabled=&#8221;0&#8243; text_font_size=&#8221;16px&#8221;]<\/p>\n<p><img loading=\"lazy\" decoding=\"async\" class=\"alignnone wp-image-16 size-full\" src=\"https:\/\/test11.e-labora.it\/wp-content\/uploads\/2023\/12\/logofondo.jpg\" alt=\"\" width=\"800\" height=\"150\" srcset=\"https:\/\/test11.e-labora.it\/wp-content\/uploads\/2023\/12\/logofondo.jpg 800w, https:\/\/test11.e-labora.it\/wp-content\/uploads\/2023\/12\/logofondo-480x90.jpg 480w\" sizes=\"auto, (min-width: 0px) and (max-width: 480px) 480px, (min-width: 481px) 800px, 100vw\" \/><br \/>Ente\u00a0paritetico\u00a0costituito\u00a0da\u00a0Confedilizia,\u00a0Filcams-CGIL,\u00a0Fisascat-CISL\u00a0e\u00a0Uiltucs-UIL<br \/><strong>00198 ROMA- Corso Trieste, 10- tel. 0644250534-44249541 fax 0644249583\u00a0 c.f. 97235700586<\/strong><br \/><span style=\"text-decoration: underline;\"><a href=\"mailto:fondocoasco@fondocoasco.it\"><span style=\"font-size: 18px; color: #ff0000; text-decoration: underline;\">fondocoasco@fondocoasco.it<\/span><\/a><\/span><\/p>\n<p>[\/et_pb_text][\/et_pb_column][\/et_pb_row][et_pb_row _builder_version=&#8221;4.22.1&#8243; _module_preset=&#8221;default&#8221; custom_margin=&#8221;24px|auto||auto||&#8221;][et_pb_column _builder_version=&#8221;4.22.1&#8243; _module_preset=&#8221;default&#8221; type=&#8221;4_4&#8243;][et_pb_text _builder_version=&#8221;4.22.1&#8243; _module_preset=&#8221;default&#8221; text_font_size=&#8221;20px&#8221; hover_enabled=&#8221;0&#8243; sticky_enabled=&#8221;0&#8243; text_orientation=&#8221;center&#8221;]<\/p>\n<p><strong><span style=\"color: #ff0000;\">Modulistica Anagrafica e Informative ai sensi del Regolamento UE 679\/16<\/span><\/strong><\/p>\n<p>[\/et_pb_text][\/et_pb_column][\/et_pb_row][et_pb_row _builder_version=&#8221;4.22.1&#8243; _module_preset=&#8221;default&#8221; column_structure=&#8221;1_2,1_2&#8243; width=&#8221;50%&#8221; hover_enabled=&#8221;0&#8243; sticky_enabled=&#8221;0&#8243;][et_pb_column _builder_version=&#8221;4.22.1&#8243; _module_preset=&#8221;default&#8221; type=&#8221;1_2&#8243;][et_pb_text _builder_version=&#8221;4.22.1&#8243; _module_preset=&#8221;default&#8221; hover_enabled=&#8221;0&#8243; sticky_enabled=&#8221;0&#8243; text_font=&#8221;Verdana||||||||&#8221; text_line_height=&#8221;1.4em&#8221; text_orientation=&#8221;center&#8221;]<\/p>\n<p><strong>MIA (Modulo Inserimento Anagrafica):\u00a0modulo condiviso tra Ebinprof, Cassa Portieri e Fondo Coasco per l&#8217;aggiornamento degli archivi anagrafici relativi ai condom\u00ecni, propriet\u00e0, datori di lavoro, consulenti del lavoro e dipendenti.<\/strong><\/p>\n<p>[\/et_pb_text][\/et_pb_column][et_pb_column _builder_version=&#8221;4.22.1&#8243; _module_preset=&#8221;default&#8221; type=&#8221;1_2&#8243;][et_pb_text _builder_version=&#8221;4.22.1&#8243; _module_preset=&#8221;default&#8221; hover_enabled=&#8221;0&#8243; sticky_enabled=&#8221;0&#8243; text_font=&#8221;Verdana||||||||&#8221; text_orientation=&#8221;center&#8221;]<\/p>\n<p><span style=\"text-decoration: underline; color: #ff0000;\"><a href=\"https:\/\/test11.e-labora.it\/wp-content\/uploads\/2023\/12\/MIA_v1.zip\" rel=\"attachment wp-att-22\" style=\"color: #ff0000; text-decoration: underline;\">MIA &#8211; File Doc Editabile &#8211; Modulo di inserimento anagrafica &#8211; Download file ZIP<\/a><\/span><\/p>\n<p>[\/et_pb_text][\/et_pb_column][\/et_pb_row][et_pb_row _builder_version=&#8221;4.22.1&#8243; _module_preset=&#8221;default&#8221; column_structure=&#8221;1_2,1_2&#8243; width=&#8221;50%&#8221; hover_enabled=&#8221;0&#8243; sticky_enabled=&#8221;0&#8243; custom_padding=&#8221;2px|||||&#8221;][et_pb_column _builder_version=&#8221;4.22.1&#8243; _module_preset=&#8221;default&#8221; type=&#8221;1_2&#8243;][et_pb_text _builder_version=&#8221;4.22.1&#8243; _module_preset=&#8221;default&#8221; hover_enabled=&#8221;0&#8243; sticky_enabled=&#8221;0&#8243; text_font=&#8221;Verdana||||||||&#8221; text_line_height=&#8221;1.4em&#8221; text_orientation=&#8221;center&#8221;]<\/p>\n<p><strong>INFORMATIVA: per Amministratore di Condominio, Proprietario, Legale Rappresentante societ\u00e0. ai sensi degli art.13 e 14 del Regolamento UE\/2016\/679 in materia di trattamento dei dati personali<\/strong><\/p>\n<p>[\/et_pb_text][\/et_pb_column][et_pb_column _builder_version=&#8221;4.22.1&#8243; _module_preset=&#8221;default&#8221; type=&#8221;1_2&#8243;][et_pb_text _builder_version=&#8221;4.22.1&#8243; _module_preset=&#8221;default&#8221; hover_enabled=&#8221;0&#8243; sticky_enabled=&#8221;0&#8243; text_font=&#8221;Verdana||||||||&#8221; text_orientation=&#8221;center&#8221;]<\/p>\n<p><span style=\"text-decoration: underline; color: #ff0000;\"><a href=\"https:\/\/test11.e-labora.it\/wp-content\/uploads\/2023\/12\/Informativa-MIA-Datore-di-Lavoro-4-febbraio-2019.pdf\" rel=\"attachment wp-att-24\" style=\"color: #ff0000; text-decoration: underline;\">INFORMATIVA &#8220;MIA&#8221; Datore di lavoro &#8211; Ai sensi del regolamento UE2016\/679<\/a><\/span><\/p>\n<p>[\/et_pb_text][\/et_pb_column][\/et_pb_row][et_pb_row _builder_version=&#8221;4.22.1&#8243; _module_preset=&#8221;default&#8221; column_structure=&#8221;1_2,1_2&#8243; width=&#8221;50%&#8221; hover_enabled=&#8221;0&#8243; sticky_enabled=&#8221;0&#8243; custom_padding=&#8221;2px|||||&#8221;][et_pb_column _builder_version=&#8221;4.22.1&#8243; _module_preset=&#8221;default&#8221; type=&#8221;1_2&#8243;][et_pb_text _builder_version=&#8221;4.22.1&#8243; _module_preset=&#8221;default&#8221; hover_enabled=&#8221;0&#8243; sticky_enabled=&#8221;0&#8243; text_font=&#8221;Verdana||||||||&#8221; text_line_height=&#8221;1.4em&#8221; text_orientation=&#8221;center&#8221;]<\/p>\n<p><strong>INFORMATIVA: per Consulenti del Lavoro ai sensi degli art.13 e 14 del Regolamento UE\/2016\/679 in materia di trattamento dei dati personali<\/strong><\/p>\n<p>[\/et_pb_text][\/et_pb_column][et_pb_column _builder_version=&#8221;4.22.1&#8243; _module_preset=&#8221;default&#8221; type=&#8221;1_2&#8243;][et_pb_text _builder_version=&#8221;4.22.1&#8243; _module_preset=&#8221;default&#8221; hover_enabled=&#8221;0&#8243; sticky_enabled=&#8221;0&#8243; text_font=&#8221;Verdana||||||||&#8221; text_orientation=&#8221;center&#8221;]<\/p>\n<p><span style=\"text-decoration: underline;\"><span style=\"color: #ff0000;\"><a href=\"https:\/\/test11.e-labora.it\/wp-content\/uploads\/2023\/12\/Informativa-CONSULENTI-R0-4-febbraio-2019.pdf\" rel=\"attachment wp-att-28\" style=\"color: #ff0000; text-decoration: underline;\">INFORMATIVA CONSULENTI DEL LAVORO &#8211; Ai sensi del regolamento UE2016\/679<\/a><\/span><\/span><\/p>\n<p>[\/et_pb_text][\/et_pb_column][\/et_pb_row][et_pb_row _builder_version=&#8221;4.22.1&#8243; _module_preset=&#8221;default&#8221; column_structure=&#8221;1_2,1_2&#8243; width=&#8221;50%&#8221; hover_enabled=&#8221;0&#8243; sticky_enabled=&#8221;0&#8243; custom_padding=&#8221;2px|||||&#8221;][et_pb_column _builder_version=&#8221;4.22.1&#8243; _module_preset=&#8221;default&#8221; type=&#8221;1_2&#8243;][et_pb_text _builder_version=&#8221;4.22.1&#8243; _module_preset=&#8221;default&#8221; hover_enabled=&#8221;0&#8243; sticky_enabled=&#8221;0&#8243; text_font=&#8221;Verdana||||||||&#8221; text_line_height=&#8221;1.4em&#8221; text_orientation=&#8221;center&#8221;]<strong>INFORMATIVA: per Dipendenti Iscritti ai sensi degli art.13 e 14 del Regolamento UE\/2016\/679 in materia di trattamento dei dati personali<\/strong>[\/et_pb_text][\/et_pb_column][et_pb_column _builder_version=&#8221;4.22.1&#8243; _module_preset=&#8221;default&#8221; type=&#8221;1_2&#8243;][et_pb_text _builder_version=&#8221;4.22.1&#8243; _module_preset=&#8221;default&#8221; hover_enabled=&#8221;0&#8243; sticky_enabled=&#8221;0&#8243; text_font=&#8221;Verdana||||||||&#8221; text_orientation=&#8221;center&#8221;]<\/p>\n<p><span style=\"text-decoration: underline;\"><span style=\"color: #ff0000;\"><a href=\"https:\/\/test11.e-labora.it\/wp-content\/uploads\/2023\/12\/Informativa-Consenso-Dipendente-R0-4-febbraio-2019.pdf\" rel=\"attachment wp-att-31\" style=\"color: #ff0000; text-decoration: underline;\">INFORMATIVA DIPENDENTI &#8211; Ai sensi del regolamento UE2016\/679<\/a><\/span><\/span><\/p>\n<p>[\/et_pb_text][\/et_pb_column][\/et_pb_row][\/et_pb_section][et_pb_section fb_built=&#8221;1&#8243; theme_builder_area=&#8221;post_content&#8221; _builder_version=&#8221;4.22.1&#8243; _module_preset=&#8221;default&#8221; custom_padding=&#8221;2px|||||&#8221;][et_pb_row _builder_version=&#8221;4.22.1&#8243; _module_preset=&#8221;default&#8221; theme_builder_area=&#8221;post_content&#8221; custom_padding=&#8221;20px|||||&#8221; width=&#8221;50%&#8221; hover_enabled=&#8221;0&#8243; sticky_enabled=&#8221;0&#8243;][et_pb_column _builder_version=&#8221;4.22.1&#8243; _module_preset=&#8221;default&#8221; type=&#8221;4_4&#8243; theme_builder_area=&#8221;post_content&#8221;][et_pb_text _builder_version=&#8221;4.22.1&#8243; _module_preset=&#8221;default&#8221; theme_builder_area=&#8221;post_content&#8221; hover_enabled=&#8221;0&#8243; sticky_enabled=&#8221;0&#8243; text_font=&#8221;Verdana|700|||||||&#8221; text_font_size=&#8221;12px&#8221; text_text_color=&#8221;#999999&#8243; header_4_font=&#8221;Verdana|700|||||||&#8221; header_4_font_size=&#8221;12px&#8221; header_4_line_height=&#8221;1.5em&#8221; header_4_text_color=&#8221;#999999&#8243;]<\/p>\n<h4 align=\"center\" class=\"info\" lang=\"it-IT\" xml:lang=\"it-IT\"><strong><span>INFORMATIVA GENERALE INTERESSATI\u00a0<\/span><\/strong><\/h4>\n<h4 align=\"center\" class=\"info\" lang=\"it-IT\" xml:lang=\"it-IT\"><strong><span>ai sensi degli art.13 e 14 del Regolamento UE\/2016\/679 in materia di trattamento dei dati personali<\/span><\/strong><\/h4>\n<h4 class=\"info\" lang=\"it-IT\" xml:lang=\"it-IT\"><strong>Introduzione<\/strong><\/h4>\n<h4 class=\"info\" lang=\"it-IT\" xml:lang=\"it-IT\">Gli enti previsti dal contratto collettivo di lavoro per i dipendenti da proprietari di fabbricati, ossia Cassa Portieri &#8211; Ebinprof &#8211; Fondo Coasco (di seguito \u201cEnti\u201d), in qualit\u00e0 di \u201cContitolari del trattamento\u201d, informano l\u2019interessato<a id=\"sdfootnote1anc\" name=\"sdfootnote1anc\" href=\"\/#sdfootnote1sym\"><\/a>1che il \u201cRegolamento Europeo 2016\/679 relativo alla protezione delle persone fisiche con riguardo al Trattamento dei Dati Personali, nonch\u00e9 alla libera circolazione di tali dati\u201d (da ora in poi GDPR) prevede, ai sensi degli articoli 13 e 14, di dare le informazioni che seguono.<\/h4>\n<div class=\"info\"><\/div>\n<h4 class=\"info\" lang=\"it-IT\" xml:lang=\"it-IT\"><strong>1. Quali dati personali raccogliamo?<\/strong><\/h4>\n<h4 class=\"info\" lang=\"it-IT\" xml:lang=\"it-IT\">Raccogliamo ed elaboriamo i dati personali quando interagisce con noi, con le nostre attivit\u00e0 e quando vengono usufruiti i servizi di uno degli Enti. I dati personali che elaboriamo possono includere:<\/h4>\n<ul>\n<li>\n<h4 class=\"info\" lang=\"it-IT\" xml:lang=\"it-IT\">Dati che caratterizzano il condominio\/ societ\u00e0\/ ente<\/h4>\n<\/li>\n<li>\n<h4 class=\"info\" lang=\"it-IT\" xml:lang=\"it-IT\">Dati relativi all\u2019amministratore\/ riferimento amministrativo<\/h4>\n<\/li>\n<li>\n<h4 class=\"info\" lang=\"it-IT\" xml:lang=\"it-IT\">Dati relativi al consulente del lavoro<\/h4>\n<\/li>\n<li>\n<h4 class=\"info\" lang=\"it-IT\" xml:lang=\"it-IT\">Dati relativi ai dipendenti del condominio<\/h4>\n<\/li>\n<\/ul>\n<h4 class=\"info\" lang=\"it-IT\" xml:lang=\"it-IT\">Si fa presente che alcuni dei dati di cui sopra ci provengono dai flussi informativi previsti dell\u2019applicazione del contratto di lavoro sopra citato o da altri interessati.<\/h4>\n<p><span class=\"info\">\u00a0<\/span><\/p>\n<h4 class=\"info\" lang=\"it-IT\" xml:lang=\"it-IT\"><strong>2. Per quali finalit\u00e0 utilizziamo i dati personali e qual \u00e8 il fondamento legale per il loro utilizzo?<\/strong><\/h4>\n<h4 class=\"info\" lang=\"it-IT\" xml:lang=\"it-IT\">Il trattamento avviene per<span lang=\"it-IT\" xml:lang=\"it-IT\">:<\/span><\/h4>\n<h4 class=\"info\" lang=\"it-IT\" xml:lang=\"it-IT\" style=\"padding-left: 40px;\">A. aggiornare i nostri archivi anagrafici, conformemente con i legittimi interessi degli Enti<\/h4>\n<h4 class=\"info\" lang=\"it-IT\" xml:lang=\"it-IT\" style=\"padding-left: 40px;\">B. gestire il rapporto di lavoro e applicare correttamente il contratto collettivo sopra citato<\/h4>\n<h4 class=\"info\" lang=\"it-IT\" xml:lang=\"it-IT\" style=\"padding-left: 40px;\">C. gestire la regolarit\u00e0 contributiva del condominio in adempimento al contratto di lavoro<\/h4>\n<h4 class=\"info\" lang=\"it-IT\" xml:lang=\"it-IT\" style=\"padding-left: 40px;\">D. gestire ed evadere le richieste di rimborso dell\u2019indennit\u00e0 di malattia, nonch\u00e9 gestire le richieste di prestazioni di Assistenza Integrativa anche sanitaria, conformemente agli adempimenti contrattuali (nel caso di dati particolari pervio rilasci del consenso)<\/h4>\n<h4 class=\"info\" lang=\"it-IT\" xml:lang=\"it-IT\" style=\"padding-left: 40px;\">E. svolgere la funzione di informazione e promozione delle attivit\u00e0 degli Entiriguardo al comparto dipendenti da proprietari di fabbricati, conformemente con i legittimi interessi degli Enti<\/h4>\n<h4 class=\"info\" lang=\"it-IT\" xml:lang=\"it-IT\" style=\"padding-left: 40px;\">F. adempiere, conformemente con i legittimi interessi degli Enti, alle funzioni statutarie, quali ad esempio: analizzare l\u2019evoluzione strutturale del settore e gli aspetti connessi all\u2019occupazione ed al mercato del lavoro, predisporre studi e ricerche relative, \u2026 (per ulteriori dettagli consultare gli Statuti degli Enti messi a disposizione sui siti\u00a0 <span style=\"text-decoration: underline;\"><span style=\"color: #ff0000;\"><a href=\"http:\/\/www.cassaportieri.it\/\" style=\"font-size: 12px; color: #ff0000; text-decoration: underline;\">www.cassaportieri.it<\/a><\/span><\/span><span style=\"font-size: 12px;\">\u00a0\u2013\u00a0<\/span><span style=\"text-decoration: underline; color: #ff0000;\"><a href=\"http:\/\/www.ebinprof.it\/\" style=\"font-size: 12px; color: #ff0000; text-decoration: underline;\">www.ebinprof.it<\/a><\/span><span style=\"font-size: 12px;\">\u00a0\u2013\u00a0<\/span><span style=\"text-decoration: underline;\"><span style=\"color: #ff0000;\"><a href=\"http:\/\/www.fondocoasco.it\/\" style=\"font-size: 12px; color: #ff0000; text-decoration: underline;\">www.fondocoasco.it<\/a><\/span><\/span><span style=\"font-size: 12px;\">)<\/span><\/h4>\n<h4 class=\"info\" lang=\"it-IT\" xml:lang=\"it-IT\" style=\"padding-left: 40px;\">G. permettere la partecipazione a borse di studio, convegni ed eventi organizzati dagli Enti, per dare seguito ai rapporti contrattuali<\/h4>\n<h4 class=\"info\" lang=\"it-IT\" xml:lang=\"it-IT\" style=\"padding-left: 40px;\">H. personalizzare e gestire le nostre comunicazioni con Lei, i nostri siti internet e i nostri servizi per poter soddisfare al meglio le sue esigenze, conformemente con i legittimi interessi degli Enti<\/h4>\n<p><span class=\"info\">\u00a0<\/span><\/p>\n<h4 class=\"info\" lang=\"it-IT\" xml:lang=\"it-IT\"><strong>3. Con chi e dove condivideremo le sue informazioni personali?<\/strong><\/h4>\n<h4 class=\"info\" lang=\"it-IT\" xml:lang=\"it-IT\">Gli Enti potrebbero condividere le informazioni personali con le terze parti elencate di seguito:<\/h4>\n<ul>\n<li>\n<h4 class=\"info\" lang=\"it-IT\" xml:lang=\"it-IT\">consulenti professionali quali revisori, commercialisti, consulenti legali e finanziari<\/h4>\n<\/li>\n<li>\n<h4 class=\"info\" lang=\"it-IT\" xml:lang=\"it-IT\">societ\u00e0 per l\u2019invio di posta massiva<\/h4>\n<\/li>\n<li>\n<h4 class=\"info\" lang=\"it-IT\" xml:lang=\"it-IT\">parti sociali firmatarie del CCNL sopra citato e sue diramazioni territoriali<\/h4>\n<\/li>\n<li>\n<h4 class=\"info\" lang=\"it-IT\" xml:lang=\"it-IT\">fornitori correlati alle finalit\u00e0 di cui sopra<\/h4>\n<\/li>\n<\/ul>\n<p><span class=\"info\">\u00a0<\/span><\/p>\n<h4 class=\"info\" lang=\"it-IT\" xml:lang=\"it-IT\">I dati personali potrebbero essere condivisi con autorit\u00e0 governative e\/o agenti delle forze dell\u2019ordine se necessario per gli scopi precisati in precedenza, se richiesto dalla legge o se necessario per garantire la protezione legale dei legittimi interessi degli Enti, conformemente con la legislazione in vigore.<\/h4>\n<p><span class=\"info\">\u00a0<\/span><\/p>\n<h4 class=\"info\" lang=\"it-IT\" xml:lang=\"it-IT\"><strong>4. Per quanto tempo sono conservati i dati personali?<\/strong><\/h4>\n<h4 class=\"info\" lang=\"it-IT\" xml:lang=\"it-IT\">I dati personali oggetto di trattamento per le finalit\u00e0 di cui sopra sono conservati nel rispetto dei principi di proporzionalit\u00e0 e necessit\u00e0, e comunque fino a che non siano state perseguite le finalit\u00e0 del trattamento. In particolare:<\/h4>\n<ul>\n<li>\n<h4 class=\"info\" lang=\"it-IT\" xml:lang=\"it-IT\">i dati relativi al condominio\/ societ\u00e0\/ ente sono conservati per la durata della societ\u00e0 oltre10 anni dalla sua cessazione<\/h4>\n<\/li>\n<li>\n<h4 class=\"info\" lang=\"it-IT\" xml:lang=\"it-IT\">i dati relativi all\u2019amministratore\/ riferimento amministrativo e del consulente del lavoro, fino a 10 anni dalla cessazione della gestione della matricola collegata al condominio\/ societ\u00e0\/ ente relativo<\/h4>\n<\/li>\n<li>\n<h4 class=\"info\" lang=\"it-IT\" xml:lang=\"it-IT\">i dati relativi ai dipendenti del condominio utilizzati per le finalit\u00e0 di cui ai punti A, B, C, F(incluso i dati relativi alla regolarit\u00e0 contributiva), fino a 10 anni oltre la durata della vita lavorativa del lavoratore<\/h4>\n<\/li>\n<li>\n<h4 class=\"info\" lang=\"it-IT\" xml:lang=\"it-IT\">i dati utilizzati per le finalit\u00e0 di informazione e promozione, nel caso dei dati dei dipendenti,fino alla durata della vita lavorativa del lavoratore, mentre,nel caso di amministratore\/ riferimento amministrativo e del consulente del lavoro, fino alla cessazione della gestione della matricola collegata al condominio\/ societ\u00e0\/ ente relativo<\/h4>\n<\/li>\n<\/ul>\n<p><span class=\"info\">\u00a0<\/span><\/p>\n<h4 class=\"info\" lang=\"it-IT\" xml:lang=\"it-IT\">In alcuni casi siamo tenuti a conservare alcune informazioni come richiesto dalla legge e per un tempo ragionevolmente necessario per soddisfare i requisiti legali, per risolvere controversie, evitare frodi ed abusi ed implementare i nostri termini e condizioni.<\/h4>\n<h4 class=\"info\" lang=\"it-IT\" xml:lang=\"it-IT\">Potremmo trattare i dati personali per un breve periodo oltre il periodo di conservazione specificato per permettere la revisione delle informazioni e per consentirne la cancellazione. Dopo che la conservazione dei dati non sar\u00e0 pi\u00f9 necessaria, li cancelleremo in modo sicuro in base alle nostre procedure sulla conservazione dei documenti e delle informazioni.<\/h4>\n<p><span class=\"info\">\u00a0<\/span><\/p>\n<h4 class=\"info\" lang=\"it-IT\" xml:lang=\"it-IT\"><strong>5. Dove sono archiviati i miei dati?<\/strong><\/h4>\n<h4 class=\"info\" lang=\"it-IT\" xml:lang=\"it-IT\">I dati personali che gli Enti raccolgono sono archiviati presso di noi e potrebbero essere trasferiti ed archiviati all\u2019interno dell\u2019Unione Europea o in paesi terzi che offrono adeguate garanzie ai sensi della vigente regolamentazione.<\/h4>\n<p><span class=\"info\">\u00a0<\/span><\/p>\n<h4 class=\"info\" lang=\"it-IT\" xml:lang=\"it-IT\"><strong>6. Quali sono i diritti in relazione al trattamento dei dati personali?<\/strong><\/h4>\n<h4 class=\"info\" lang=\"it-IT\" xml:lang=\"it-IT\">L\u2019interessato ha il dirittodi accedere in ogni momento ai dati che lo riguardano, a richiederne la rettifica, la cancellazione (se i dati non sono necessari per adempiere ad un obbligo legale), la limitazione, la portabilit\u00e0, l\u2019opposizione al trattamento (se trattati per legittimo interesse del titolare), l\u2019esistenza di un processo decisionale automatizzato (compreso la profilazione). Inoltre, se viene ritenuto che non abbiamo gestito i dati secondo gli obblighi, ha il diritto di proporre reclamo all\u2019Autorit\u00e0 di Controllo (Garante Privacy), secondo le procedure indicate sul sito\u00a0<span style=\"text-decoration: underline;\"><span style=\"color: #ff0000;\"><a href=\"http:\/\/www.garanteprivacy.it\/\" style=\"color: #ff0000; text-decoration: underline;\">www.garanteprivacy.it<\/a><\/span><\/span>.<\/h4>\n<p><span class=\"info\">\u00a0<\/span><\/p>\n<h4 class=\"info\" lang=\"it-IT\" xml:lang=\"it-IT\"><strong>7. Il conferimento dei dati \u00e8 obbligatorio?<\/strong><\/h4>\n<h4 class=\"info\" lang=\"it-IT\" xml:lang=\"it-IT\"><span lang=\"it-IT\" xml:lang=\"it-IT\">L\u2019interessato<\/span>\u00a0<span lang=\"it-IT\" xml:lang=\"it-IT\">\u00e8 tenuto a fornire i dati personali necessari all\u2019adempimento degli obblighi legali o contrattuali. Il mancato conferimento dei dati obbligatori impedisce la corretta gestione dei servizi. Il conferimento degli altri datinon<\/span>\u00a0<span lang=\"it-IT\" xml:lang=\"it-IT\">non \u00e8 obbligatorio ma, in sua assenza, non saremmo in grado di<\/span>\u00a0<span lang=\"it-IT\" xml:lang=\"it-IT\">fornire tutti i servizi o<\/span>\u00a0<span lang=\"it-IT\" xml:lang=\"it-IT\">perseguire le finalit\u00e0 sopra dichiarate.<\/span><\/h4>\n<p><span class=\"info\">\u00a0<\/span><\/p>\n<h4 class=\"info\" lang=\"it-IT\" xml:lang=\"it-IT\"><strong>8. Dove pu\u00f2 trovare maggiori informazioni sul trattamento dei dati personali?<\/strong><\/h4>\n<h4 class=\"info\" lang=\"it-IT\" xml:lang=\"it-IT\">Se l\u2019interessato ha domande sulla presente Informativa sulla privacy, sull\u2019elaborazione dei dati personali da parte degli Enti o se intende esercitare i diritti, pu\u00f2 contattarci utilizzando i seguenti dati di contatto:<\/h4>\n<h4 class=\"info\" lang=\"it-IT\" xml:lang=\"it-IT\">Cassa Portieri\u00a0<span style=\"text-decoration: underline;\"><span style=\"color: #ff0000;\"><a href=\"mailto:caspo@cassaportieri.it\" style=\"color: #ff0000; text-decoration: underline;\">caspo@cassaportieri.it<\/a><\/span><\/span>\u00a0&#8211; Ebinprof\u00a0<span style=\"text-decoration: underline;\"><span style=\"color: #ff0000;\"><a href=\"mailto:info@ebinprof.it\" style=\"color: #ff0000; text-decoration: underline;\">info@ebinprof.it<\/a><\/span><\/span>\u00a0&#8211; Fondo Coasco\u00a0<span style=\"text-decoration: underline;\"><span style=\"color: #ff0000;\"><a href=\"mailto:fondocoasco@fondocoasco.it\" style=\"color: #ff0000; text-decoration: underline;\">fondocoasco@fondocoasco.it<\/a><\/span><\/span><\/h4>\n<h4 class=\"info\" lang=\"it-IT\" xml:lang=\"it-IT\">Per la posta ordinaria l\u2019indirizzo \u00e8 Corso Trieste 10 \u2013 00198 Roma (RM)<\/h4>\n<p><span class=\"info\">\u00a0<\/span><\/p>\n<h4 class=\"info\" lang=\"it-IT\" xml:lang=\"it-IT\"><strong>9.<\/strong>\u00a0<strong>Dati di contatto del Responsabile della Protezione Dati (RPD)\/ Data Protection Officer (DPO)<\/strong><\/h4>\n<h4 class=\"info\" lang=\"it-IT\" xml:lang=\"it-IT\">Denominazione: Itinera Servizi alle Imprese Srl<\/h4>\n<h4 class=\"info\" lang=\"it-IT\" xml:lang=\"it-IT\">Soggetto individuato quale referente: Enio Marraccini<\/h4>\n<h4 class=\"info\" lang=\"it-IT\" xml:lang=\"it-IT\">E-mail: dpo@itineragroup.com<\/h4>\n<h4 class=\"info\" lang=\"it-IT\" xml:lang=\"it-IT\"><\/h4>\n<h4 class=\"info\" lang=\"it-IT\" xml:lang=\"it-IT\"><\/h4>\n<div>\n<h4 class=\"info\" lang=\"it-IT\" xml:lang=\"it-IT\"><strong><span><span>10.<\/span>\u00a0Gli interessati a cui ci rivolgiamo possono essere:<\/span><\/strong><\/h4>\n<ul>\n<li>\n<h4 class=\"info\" lang=\"it-IT\" xml:lang=\"it-IT\"><strong><span>proprietario\/ amministratore di condominio\/ legale rappresentante della societ\u00e0<\/span><\/strong><\/h4>\n<\/li>\n<li>\n<h4 class=\"info\" lang=\"it-IT\" xml:lang=\"it-IT\"><strong><span>consulenti del lavoro<\/span><\/strong><\/h4>\n<\/li>\n<li>\n<h4 class=\"info\" lang=\"it-IT\" xml:lang=\"it-IT\"><strong><span>lavoratori iscritti<\/span><\/strong><\/h4>\n<\/li>\n<\/ul>\n<\/div>\n<p>[\/et_pb_text][\/et_pb_column][\/et_pb_row][\/et_pb_section]<\/p>\n","protected":false},"excerpt":{"rendered":"<p>Ente\u00a0paritetico\u00a0costituito\u00a0da\u00a0Confedilizia,\u00a0Filcams-CGIL,\u00a0Fisascat-CISL\u00a0e\u00a0Uiltucs-UIL00198 ROMA- Corso Trieste, 10- tel. 0644250534-44249541 fax 0644249583\u00a0 c.f. 97235700586fondocoasco@fondocoasco.itModulistica Anagrafica e Informative ai sensi del Regolamento UE 679\/16MIA (Modulo Inserimento Anagrafica):\u00a0modulo condiviso tra Ebinprof, Cassa Portieri e Fondo Coasco per l&#8217;aggiornamento degli archivi anagrafici relativi ai condom\u00ecni, propriet\u00e0, datori di lavoro, consulenti del lavoro e dipendenti.MIA &#8211; File Doc Editabile &#8211; Modulo di [&hellip;]<\/p>\n","protected":false},"author":1,"featured_media":0,"parent":0,"menu_order":0,"comment_status":"closed","ping_status":"open","template":"page-template-blank.php","meta":{"_et_pb_use_builder":"on","_et_pb_old_content":"","_et_gb_content_width":"","footnotes":""},"class_list":["post-2","page","type-page","status-publish","hentry"],"_links":{"self":[{"href":"https:\/\/test11.e-labora.it\/index.php?rest_route=\/wp\/v2\/pages\/2","targetHints":{"allow":["GET"]}}],"collection":[{"href":"https:\/\/test11.e-labora.it\/index.php?rest_route=\/wp\/v2\/pages"}],"about":[{"href":"https:\/\/test11.e-labora.it\/index.php?rest_route=\/wp\/v2\/types\/page"}],"author":[{"embeddable":true,"href":"https:\/\/test11.e-labora.it\/index.php?rest_route=\/wp\/v2\/users\/1"}],"replies":[{"embeddable":true,"href":"https:\/\/test11.e-labora.it\/index.php?rest_route=%2Fwp%2Fv2%2Fcomments&post=2"}],"version-history":[{"count":5,"href":"https:\/\/test11.e-labora.it\/index.php?rest_route=\/wp\/v2\/pages\/2\/revisions"}],"predecessor-version":[{"id":43,"href":"https:\/\/test11.e-labora.it\/index.php?rest_route=\/wp\/v2\/pages\/2\/revisions\/43"}],"wp:attachment":[{"href":"https:\/\/test11.e-labora.it\/index.php?rest_route=%2Fwp%2Fv2%2Fmedia&parent=2"}],"curies":[{"name":"wp","href":"https:\/\/api.w.org\/{rel}","templated":true}]}}